{"id":7,"date":"2017-12-17T18:53:43","date_gmt":"2017-12-17T18:53:43","guid":{"rendered":"https:\/\/tarkastuspalvelu.wordpress.com\/?page_id=4"},"modified":"2017-12-17T18:53:43","modified_gmt":"2017-12-17T18:53:43","slug":"palvelut","status":"publish","type":"page","link":"https:\/\/www.tarkastuspalvelu.fi\/?page_id=7","title":{"rendered":"Muut palvelut"},"content":{"rendered":"<h3>Asiantuntijalausunto<\/h3>\n<p>Voin antaa my\u00f6s HTT-tarkastuskertomuksen sijaan asiantuntijalausunnon sek\u00e4 suorittaa HTT-tarkastuksiin liittyvi\u00e4 asiantuntija- ja konsultointipalveluita HTT-ohjes\u00e4\u00e4nn\u00f6n sallimissa rajoissa.<\/p>\n<h3>Sis\u00e4ilmaolosuhdemittaus<\/h3>\n<p>Mittauskalustolla voin suorittaa LVI-tekniikan ja sis\u00e4ilmaston perusmittaukset, kuten ilman nopeus, l\u00e4mp\u00f6tila, kosteus, paine, valaistusvoimakkuus, operatiivinen l\u00e4mp\u00f6tila sek\u00e4 hiilidioksidipitoisuus. Mittauskalusto on kalibroitu ISO-standardit t\u00e4ytt\u00e4v\u00e4ss\u00e4 kalibrointipalvelussa.<\/p>\n<p>K\u00e4ytett\u00e4v\u00e4 mittauslaitteisto t\u00e4ytt\u00e4\u00e4 ISO-EN 7726 standardin m\u00e4\u00e4reet. Laitteistolla voidaan m\u00e4\u00e4ritell\u00e4 standardin EN 13779 mukaisesti ilman virtausnopeus sek\u00e4 ns. vetoindeksi ty\u00f6pisteell\u00e4\/oleskelualueella. Mittauskaluston anturit ovat digitaaliset ja niiden kalibrointitiedot ovat tallennettu anturiin kalibroinnin yhteydess\u00e4. N\u00e4in mittauskalusto n\u00e4ytt\u00e4\u00e4 aina oikean mittausarvon ilman erillist\u00e4 virhekorjausta mittarin n\u00e4ytt\u00e4m\u00e4\u00e4n arvoon.<\/p>\n<figure id=\"attachment_84\" aria-describedby=\"caption-attachment-84\" style=\"width: 564px\" class=\"wp-caption aligncenter\"><img loading=\"lazy\" class=\"  wp-image-84 aligncenter\" src=\"http:\/\/www.tarkastuspalvelu.fi\/wp-content\/uploads\/2017\/12\/testo-480-application-multifunction-005675_im6c.jpg\" alt=\"testo-480-3\" width=\"564\" height=\"376\" srcset=\"https:\/\/www.tarkastuspalvelu.fi\/wp-content\/uploads\/2017\/12\/testo-480-application-multifunction-005675_im6c.jpg 1000w, https:\/\/www.tarkastuspalvelu.fi\/wp-content\/uploads\/2017\/12\/testo-480-application-multifunction-005675_im6c-300x200.jpg 300w, https:\/\/www.tarkastuspalvelu.fi\/wp-content\/uploads\/2017\/12\/testo-480-application-multifunction-005675_im6c-768x512.jpg 768w\" sizes=\"(max-width: 564px) 100vw, 564px\" \/><figcaption id=\"caption-attachment-84\" class=\"wp-caption-text\">Ilmavirtauksen (veto) nopeusmittaus (www.testo.com).<\/figcaption><\/figure>\n<p>N\u00e4iden lis\u00e4ksi voidaan m\u00e4\u00e4ritell\u00e4 laskennallisesti PMV\/PPD ja WBGT indeksi standardien ISO-EN 7730 ja 7243 mukaan. Lyhenteet tulevat seuraavista sanoista Calucation of Predicted mean Vote (PMV), Predicted Percentage Dissatisfied (PPD) ja The WetBulb Globe Temperature (WBGT).<\/p>\n<figure id=\"attachment_78\" aria-describedby=\"caption-attachment-78\" style=\"width: 568px\" class=\"wp-caption aligncenter\"><img loading=\"lazy\" class=\"  wp-image-78 aligncenter\" src=\"http:\/\/www.tarkastuspalvelu.fi\/wp-content\/uploads\/2017\/12\/testo-480-2.jpg\" alt=\"testo-480-2\" width=\"568\" height=\"776\" srcset=\"https:\/\/www.tarkastuspalvelu.fi\/wp-content\/uploads\/2017\/12\/testo-480-2.jpg 483w, https:\/\/www.tarkastuspalvelu.fi\/wp-content\/uploads\/2017\/12\/testo-480-2-220x300.jpg 220w\" sizes=\"(max-width: 568px) 100vw, 568px\" \/><figcaption id=\"caption-attachment-78\" class=\"wp-caption-text\">Huoneen PMV\/PPD, WBGT-indeksin mittausj\u00e4rjestely (www.testo.com).<\/figcaption><\/figure>\n<p>Laboratorio- ja puhdastiloissa laitteistolla voidaan mitata standardin EN 14175 mukaisesti olosuhteita ja virtausnopeudet mm. veto-, laminaari- ja turvakaapeissa. Tilojen v\u00e4liset paine-erot voidaan tarkistaa mittauskaluston sis\u00e4isell\u00e4 paineanturilla, jonka tarkkuus on +\/- 0,3 Pa + 1% lukemasta. My\u00f6s sis\u00e4ilman kosteus- ja l\u00e4mp\u00f6tila voidaan mitata tarkasti (+\/- 1% RH, +\/- 0.2 C).<\/p>\n<figure id=\"attachment_77\" aria-describedby=\"caption-attachment-77\" style=\"width: 567px\" class=\"wp-caption aligncenter\"><img loading=\"lazy\" class=\" size-full wp-image-77 aligncenter\" src=\"http:\/\/www.tarkastuspalvelu.fi\/wp-content\/uploads\/2017\/12\/testo-480-1.jpg\" alt=\"testo-480-1\" width=\"567\" height=\"659\" srcset=\"https:\/\/www.tarkastuspalvelu.fi\/wp-content\/uploads\/2017\/12\/testo-480-1.jpg 567w, https:\/\/www.tarkastuspalvelu.fi\/wp-content\/uploads\/2017\/12\/testo-480-1-258x300.jpg 258w\" sizes=\"(max-width: 567px) 100vw, 567px\" \/><figcaption id=\"caption-attachment-77\" class=\"wp-caption-text\">Vetokaapin ilmavirtauksen nopeusmittaus (www.testo.com).<\/figcaption><\/figure>\n<p>&nbsp;<\/p>\n<p>&nbsp;<\/p>\n","protected":false},"excerpt":{"rendered":"<p>Asiantuntijalausunto Voin antaa my\u00f6s HTT-tarkastuskertomuksen sijaan asiantuntijalausunnon sek\u00e4 suorittaa HTT-tarkastuksiin liittyvi\u00e4 asiantuntija- ja konsultointipalveluita HTT-ohjes\u00e4\u00e4nn\u00f6n sallimissa rajoissa. Sis\u00e4ilmaolosuhdemittaus Mittauskalustolla voin suorittaa LVI-tekniikan ja sis\u00e4ilmaston perusmittaukset, kuten ilman nopeus, l\u00e4mp\u00f6tila, kosteus, paine, valaistusvoimakkuus, operatiivinen l\u00e4mp\u00f6tila sek\u00e4 hiilidioksidipitoisuus. Mittauskalusto on kalibroitu ISO-standardit t\u00e4ytt\u00e4v\u00e4ss\u00e4 kalibrointipalvelussa. K\u00e4ytett\u00e4v\u00e4 mittauslaitteisto t\u00e4ytt\u00e4\u00e4 ISO-EN 7726 standardin m\u00e4\u00e4reet. Laitteistolla voidaan m\u00e4\u00e4ritell\u00e4 standardin EN 13779 &hellip; <a href=\"https:\/\/www.tarkastuspalvelu.fi\/?page_id=7\" class=\"more-link\">Continue reading <span class=\"screen-reader-text\">Muut palvelut<\/span><\/a><\/p>\n","protected":false},"author":1,"featured_media":117,"parent":0,"menu_order":4,"comment_status":"closed","ping_status":"closed","template":"","meta":[],"_links":{"self":[{"href":"https:\/\/www.tarkastuspalvelu.fi\/index.php?rest_route=\/wp\/v2\/pages\/7"}],"collection":[{"href":"https:\/\/www.tarkastuspalvelu.fi\/index.php?rest_route=\/wp\/v2\/pages"}],"about":[{"href":"https:\/\/www.tarkastuspalvelu.fi\/index.php?rest_route=\/wp\/v2\/types\/page"}],"author":[{"embeddable":true,"href":"https:\/\/www.tarkastuspalvelu.fi\/index.php?rest_route=\/wp\/v2\/users\/1"}],"replies":[{"embeddable":true,"href":"https:\/\/www.tarkastuspalvelu.fi\/index.php?rest_route=%2Fwp%2Fv2%2Fcomments&post=7"}],"version-history":[{"count":0,"href":"https:\/\/www.tarkastuspalvelu.fi\/index.php?rest_route=\/wp\/v2\/pages\/7\/revisions"}],"wp:featuredmedia":[{"embeddable":true,"href":"https:\/\/www.tarkastuspalvelu.fi\/index.php?rest_route=\/wp\/v2\/media\/117"}],"wp:attachment":[{"href":"https:\/\/www.tarkastuspalvelu.fi\/index.php?rest_route=%2Fwp%2Fv2%2Fmedia&parent=7"}],"curies":[{"name":"wp","href":"https:\/\/api.w.org\/{rel}","templated":true}]}}