{"id":64,"date":"2017-12-18T18:39:58","date_gmt":"2017-12-18T16:39:58","guid":{"rendered":"https:\/\/tarkastuspalvelu.wordpress.com\/?page_id=64"},"modified":"2018-01-01T12:58:34","modified_gmt":"2018-01-01T12:58:34","slug":"htt-tarkastus","status":"publish","type":"page","link":"https:\/\/www.tarkastuspalvelu.fi\/","title":{"rendered":"HTT-tarkastus"},"content":{"rendered":"<p>HTT-tarkastajat ovat alansa parhaita ammattilaisia ja puolueettomia asiantuntijoita, jotka suorittavat palvelun tai tavaran teknisen tarkastuksen. He toimivat valvonnan alaisena: ehdottoman puolueettomasti, huolellisesti ja tarkastuslautakunnan ohjes\u00e4\u00e4nt\u00f6\u00e4 noudattaen. Kaikki HTT: t ovat antaneet oikeudessa tavarantarkastajan vakuutuksen.<\/p>\n<blockquote><p><span style=\"color: #666699;\">Tarkastustoimeksianto voi koskea esimerkiksi omakotitalon kosteusvaurion selvitt\u00e4mist\u00e4, mets\u00e4koneen arvonm\u00e4\u00e4rityst\u00e4, taloyhti\u00f6n ikkunalasien asennusta tai kangaser\u00e4n soveltuvuutta tuotantok\u00e4ytt\u00f6\u00f6n. Tilaajia ovat kuluttajat, kunnat, yritykset, vakuutusyhti\u00f6t, pankit ja viranomaiset. Tarkastuskertomuksia k\u00e4ytet\u00e4\u00e4n usein oikeudenk\u00e4ynneiss\u00e4, joissa tarkastajia kuullaan todistajina.<\/span><\/p>\n<p><span style=\"color: #666699;\"><em>(Keskuskauppakamarin lakimies Raisa Harju.)<\/em><\/span><\/p><\/blockquote>\n<p style=\"text-align: left;\">Usein tavarantarkastaja kutsutaan paikalle orastavissa riitatilanteissa. Vastakkain voivat esimerkiksi myyj\u00e4 ja ostaja, joilla on kesken\u00e4\u00e4n erimielisyyksi\u00e4 esimerkiksi jostakin rakennusteknisest\u00e4 asiasta. Erimielisyyksi\u00e4 aiheuttavat asiat vaihtelevat aina tapauksesta riippuen.<\/p>\n<p style=\"text-align: left;\">Tavarantarkastaja ei tuomaroi eik\u00e4 anna viranomaisk\u00e4skyj\u00e4. H\u00e4n antaa asiantuntemukseensa perustuvan puolueettoman asiantuntijan\u00e4kemyksen tavarantarkastuskertomuksen muodossa. Tavarantarkastaja voi kehottaa toimenpiteisiin, mik\u00e4li kohteessa on selv\u00e4sti kiireellisesti syyt\u00e4 tehd\u00e4 korjauksia esimerkiksi lis\u00e4vaurioitumisriskin johdosta. Mik\u00e4li rakennuksen k\u00e4ytt\u00e4jien turvallisuus tai terveys voi olla vaarassa, on tarkastaja velvollinen lausunnossaan asiasta kertomaan.<\/p>\n<p>Lis\u00e4tietoa HTT-tarkastuksesta ja -tarkastajista <a href=\"https:\/\/kauppakamari.fi\/tavarantarkastus\/\" target=\"_blank\" rel=\"noopener\">Keskuskauppakamarin sivuilta<\/a>.<\/p>\n<p>HTT-tarkastuksesta, toimitusehdoista ja hinnoittelusta annetaan toimeksiantajalle kirjalliset dokumentit ja hinta-arvio, jonka pohjalta laaditaan toimeksiantosopimus. On t\u00e4rke\u00e4\u00e4, ett\u00e4 tarkastuksen sis\u00e4ll\u00f6st\u00e4 sovitaan etuk\u00e4teen riitt\u00e4v\u00e4n selke\u00e4sti yhdess\u00e4 tarkastajan kanssa. L\u00e4ht\u00f6kohtana sis\u00e4ll\u00f6lle voi olla esimerkiksi kysymys: Onko tarkastettavassa kohdassa virhe tai vaurio ja jos on, mist\u00e4 se johtuu? HTT- tarkastuksen toimeksiantajana voivat olla joko kiistan molemmat tai vain toinen osapuolista.<\/p>\n<p>Ennen tarkastustilaisuutta HTT-tarkastaja tutustuu toimeksiantoon ja sen dokumentteihin. Tavarantarkastustilaisuuteen kutsutaan koolle asian osapuolet, jossa heill\u00e4 on mahdollisuus tuoda esiin oma n\u00e4kemyksens\u00e4 asiasta. Tarkastustilaisuuden j\u00e4lkeen HTT-tarkastaja laatii tavarantarkastuskertomuksen.<\/p>\n<p><em>\u00a0<\/em><\/p>\n","protected":false},"excerpt":{"rendered":"<p>HTT-tarkastajat ovat alansa parhaita ammattilaisia ja puolueettomia asiantuntijoita, jotka suorittavat palvelun tai tavaran teknisen tarkastuksen. He toimivat valvonnan alaisena: ehdottoman puolueettomasti, huolellisesti ja tarkastuslautakunnan ohjes\u00e4\u00e4nt\u00f6\u00e4 noudattaen. Kaikki HTT: t ovat antaneet oikeudessa tavarantarkastajan vakuutuksen. Tarkastustoimeksianto voi koskea esimerkiksi omakotitalon kosteusvaurion selvitt\u00e4mist\u00e4, mets\u00e4koneen arvonm\u00e4\u00e4rityst\u00e4, taloyhti\u00f6n ikkunalasien asennusta tai kangaser\u00e4n soveltuvuutta tuotantok\u00e4ytt\u00f6\u00f6n. Tilaajia ovat kuluttajat, kunnat, yritykset, &hellip; <a href=\"https:\/\/www.tarkastuspalvelu.fi\/\" class=\"more-link\">Continue reading <span class=\"screen-reader-text\">HTT-tarkastus<\/span><\/a><\/p>\n","protected":false},"author":1,"featured_media":120,"parent":0,"menu_order":2,"comment_status":"closed","ping_status":"closed","template":"","meta":[],"_links":{"self":[{"href":"https:\/\/www.tarkastuspalvelu.fi\/index.php?rest_route=\/wp\/v2\/pages\/64"}],"collection":[{"href":"https:\/\/www.tarkastuspalvelu.fi\/index.php?rest_route=\/wp\/v2\/pages"}],"about":[{"href":"https:\/\/www.tarkastuspalvelu.fi\/index.php?rest_route=\/wp\/v2\/types\/page"}],"author":[{"embeddable":true,"href":"https:\/\/www.tarkastuspalvelu.fi\/index.php?rest_route=\/wp\/v2\/users\/1"}],"replies":[{"embeddable":true,"href":"https:\/\/www.tarkastuspalvelu.fi\/index.php?rest_route=%2Fwp%2Fv2%2Fcomments&post=64"}],"version-history":[{"count":1,"href":"https:\/\/www.tarkastuspalvelu.fi\/index.php?rest_route=\/wp\/v2\/pages\/64\/revisions"}],"predecessor-version":[{"id":148,"href":"https:\/\/www.tarkastuspalvelu.fi\/index.php?rest_route=\/wp\/v2\/pages\/64\/revisions\/148"}],"wp:featuredmedia":[{"embeddable":true,"href":"https:\/\/www.tarkastuspalvelu.fi\/index.php?rest_route=\/wp\/v2\/media\/120"}],"wp:attachment":[{"href":"https:\/\/www.tarkastuspalvelu.fi\/index.php?rest_route=%2Fwp%2Fv2%2Fmedia&parent=64"}],"curies":[{"name":"wp","href":"https:\/\/api.w.org\/{rel}","templated":true}]}}