{"id":5,"date":"2017-12-17T18:53:45","date_gmt":"2017-12-17T18:53:45","guid":{"rendered":"https:\/\/tarkastuspalvelu.wordpress.com\/?page_id=2"},"modified":"2018-01-01T15:31:08","modified_gmt":"2018-01-01T15:31:08","slug":"mina","status":"publish","type":"page","link":"https:\/\/www.tarkastuspalvelu.fi\/?page_id=5","title":{"rendered":"Min\u00e4"},"content":{"rendered":"<p style=\"text-align: left;\"><img loading=\"lazy\" class=\" wp-image-105 alignleft\" src=\"http:\/\/www.tarkastuspalvelu.fi\/wp-content\/uploads\/2017\/12\/pentti-kuurola-web.jpg\" alt=\"Pentti Kuurola web\" width=\"150\" height=\"187\" \/>Olen valmistunut 1999 Oulun teknillisest\u00e4 oppilaitoksesta LVI-insin\u00f6\u00f6riksi ja vuonna\u00a0 2016 Tampereen Teknillisest\u00e4 yliopistosta diplomi-insin\u00f6\u00f6riksi. P\u00e4\u00e4aineena opinnoissa LVI-\/j\u00e4\u00e4hdytystekniikka ja sivuaineena rakennustekniikka, korjausrakentaminen ja rakennuttaminen.<\/p>\n<p>Olen toiminut LVIAJ-suunnittelu-, valvonta- ja rakennuttamisteht\u00e4viss\u00e4 valmistumisesta l\u00e4htien, l\u00e4hes 20 vuoden ajan. Ty\u00f6ss\u00e4ni olen toiminut vaativien korjaus- ja uudiskohteiden LVIAJ-suunnitteluteht\u00e4viss\u00e4 eik\u00e4 sis\u00e4ilmakorjauskohteetkaan ole j\u00e4\u00e4neet tuntemattomiksi. My\u00f6sk\u00e4\u00e4n LVI-asennusteht\u00e4v\u00e4t eiv\u00e4t ole t\u00e4ysin tuntemattoma. Toimin asiantuntijana Oulun kaupungin rakennusvalvonnan vaativien korjauskohteiden lausuntoty\u00f6ryhm\u00e4n LVI-asiantuntijaj\u00e4senen\u00e4.<\/p>\n<p>Lis\u00e4ksi olen toiminut sivutoimisena tuntiopettajana Oulun yliopistossa 11 vuoden ajan. Olen saavuttanut AA-luokan (<a href=\"http:\/\/fise.fi\/\" target=\"_blank\" rel=\"noopener\">FISE<\/a>) ilmanvaihto-, vesi- ja viem\u00e4rij\u00e4rjestelmien suunnittelijap\u00e4tevyyden. Lis\u00e4ksi olen <a href=\"https:\/\/www.motiva.fi\/\" target=\"_blank\" rel=\"noopener\">MOTIVA<\/a>:n auktorisoima energiakatselmoija ja ylemm\u00e4n tason energiatodistuksen laatija (<a href=\"https:\/\/www.energiatodistusrekisteri.fi\/public_html?command=browse&amp;s=etusivu_section\" target=\"_blank\" rel=\"noopener\">ARA<\/a>).<\/p>\n<p>Suoritan HTT-tavarantarkastuksia seuraavissa Keskuskauppakamarin m\u00e4\u00e4rittelemiss\u00e4 ja hyv\u00e4ksymiss\u00e4 hyv\u00e4ksymisrymiss\u00e4:<\/p>\n<p style=\"text-align: left; padding-left: 60px;\"><em>&#8211; 3.4. LVI-ty\u00f6t, &#8211; tarvikkeet ja \u2013laitteet sek\u00e4 LVI-j\u00e4rjestelmien kuntotarkastukset<\/em><br \/>\n&#8211; <em>3.6.1 Sis\u00e4ilman fysikaaliset olot<\/em><\/p>\n","protected":false},"excerpt":{"rendered":"<p>Olen valmistunut 1999 Oulun teknillisest\u00e4 oppilaitoksesta LVI-insin\u00f6\u00f6riksi ja vuonna\u00a0 2016 Tampereen Teknillisest\u00e4 yliopistosta diplomi-insin\u00f6\u00f6riksi. P\u00e4\u00e4aineena opinnoissa LVI-\/j\u00e4\u00e4hdytystekniikka ja sivuaineena rakennustekniikka, korjausrakentaminen ja rakennuttaminen. Olen toiminut LVIAJ-suunnittelu-, valvonta- ja rakennuttamisteht\u00e4viss\u00e4 valmistumisesta l\u00e4htien, l\u00e4hes 20 vuoden ajan. Ty\u00f6ss\u00e4ni olen toiminut vaativien korjaus- ja uudiskohteiden LVIAJ-suunnitteluteht\u00e4viss\u00e4 eik\u00e4 sis\u00e4ilmakorjauskohteetkaan ole j\u00e4\u00e4neet tuntemattomiksi. My\u00f6sk\u00e4\u00e4n LVI-asennusteht\u00e4v\u00e4t eiv\u00e4t ole t\u00e4ysin tuntemattoma. Toimin &hellip; <a href=\"https:\/\/www.tarkastuspalvelu.fi\/?page_id=5\" class=\"more-link\">Continue reading <span class=\"screen-reader-text\">Min\u00e4<\/span><\/a><\/p>\n","protected":false},"author":1,"featured_media":122,"parent":0,"menu_order":2,"comment_status":"closed","ping_status":"closed","template":"","meta":[],"_links":{"self":[{"href":"https:\/\/www.tarkastuspalvelu.fi\/index.php?rest_route=\/wp\/v2\/pages\/5"}],"collection":[{"href":"https:\/\/www.tarkastuspalvelu.fi\/index.php?rest_route=\/wp\/v2\/pages"}],"about":[{"href":"https:\/\/www.tarkastuspalvelu.fi\/index.php?rest_route=\/wp\/v2\/types\/page"}],"author":[{"embeddable":true,"href":"https:\/\/www.tarkastuspalvelu.fi\/index.php?rest_route=\/wp\/v2\/users\/1"}],"replies":[{"embeddable":true,"href":"https:\/\/www.tarkastuspalvelu.fi\/index.php?rest_route=%2Fwp%2Fv2%2Fcomments&post=5"}],"version-history":[{"count":1,"href":"https:\/\/www.tarkastuspalvelu.fi\/index.php?rest_route=\/wp\/v2\/pages\/5\/revisions"}],"predecessor-version":[{"id":154,"href":"https:\/\/www.tarkastuspalvelu.fi\/index.php?rest_route=\/wp\/v2\/pages\/5\/revisions\/154"}],"wp:featuredmedia":[{"embeddable":true,"href":"https:\/\/www.tarkastuspalvelu.fi\/index.php?rest_route=\/wp\/v2\/media\/122"}],"wp:attachment":[{"href":"https:\/\/www.tarkastuspalvelu.fi\/index.php?rest_route=%2Fwp%2Fv2%2Fmedia&parent=5"}],"curies":[{"name":"wp","href":"https:\/\/api.w.org\/{rel}","templated":true}]}}